{"id":1757,"date":"2021-05-12T08:18:06","date_gmt":"2021-05-12T06:18:06","guid":{"rendered":"https:\/\/www.colegiocim.es\/intranet\/"},"modified":"2021-11-17T19:02:09","modified_gmt":"2021-11-17T18:02:09","slug":"intranet","status":"publish","type":"page","link":"https:\/\/colegiocim.es\/ca\/intranet\/","title":{"rendered":"Intranet"},"content":{"rendered":"\t\t<div data-elementor-type=\"wp-page\" data-elementor-id=\"1757\" class=\"elementor elementor-1757 elementor-1733\" data-elementor-post-type=\"page\">\n\t\t\t\t\t\t<section class=\"elementor-section elementor-top-section elementor-element elementor-element-8704692 elementor-section-boxed elementor-section-height-default elementor-section-height-default\" data-id=\"8704692\" data-element_type=\"section\" data-e-type=\"section\">\n\t\t\t\t\t\t<div class=\"elementor-container elementor-column-gap-default\">\n\t\t\t\t\t<div class=\"elementor-column elementor-col-100 elementor-top-column elementor-element elementor-element-182ce2c\" data-id=\"182ce2c\" data-element_type=\"column\" data-e-type=\"column\">\n\t\t\t<div class=\"elementor-widget-wrap elementor-element-populated\">\n\t\t\t\t\t\t<div class=\"elementor-element elementor-element-452849b elementor-widget elementor-widget-text-editor\" data-id=\"452849b\" data-element_type=\"widget\" data-e-type=\"widget\" data-widget_type=\"text-editor.default\">\n\t\t\t\t<div class=\"elementor-widget-container\">\n\t\t\t\t\t\t\t\t\t<p>Al col\u00b7legi Cor Immaculat de Maria, les comunicacions oficials amb les families es realitzen mitjan\u00e7ant la plataforma CLICKEDU de reconegut prestigi.<\/p>\n<p>A m\u00e9s, arrel de la crisi sanit\u00e0ria provocada per la COVID-19, el col\u00b7legi Cor Immaculat de Maria va implementar el curs passat i ho segueix fent de manera progresiva l&#8217;\u00fas de MICROSOFT 365 FOR EDUCATION amb l&#8217;objectiu de poder realitzar totes les classes telem\u00e0tiques que calguin. Un valor afegit a aquest sistema de classes telem\u00e0tiques \u00e9s la disponibilitat d&#8217;una gran capacitat d&#8217;emmagatzament a n\u00favols d&#8217;informaci\u00f3 que tots els alumnes CIM poden utilitzar per a finalitats docents.<\/p>\n\t\t\t\t\t\t\t\t<\/div>\n\t\t\t\t<\/div>\n\t\t\t\t<section class=\"elementor-section elementor-inner-section elementor-element elementor-element-ea4b836 elementor-section-content-middle elementor-section-boxed elementor-section-height-default elementor-section-height-default\" data-id=\"ea4b836\" data-element_type=\"section\" data-e-type=\"section\">\n\t\t\t\t\t\t<div class=\"elementor-container elementor-column-gap-default\">\n\t\t\t\t\t<div class=\"elementor-column elementor-col-50 elementor-inner-column elementor-element elementor-element-9f82985\" data-id=\"9f82985\" data-element_type=\"column\" data-e-type=\"column\">\n\t\t\t<div class=\"elementor-widget-wrap elementor-element-populated\">\n\t\t\t\t\t\t<div class=\"elementor-element elementor-element-4ae12f4 elementor-position-inline-start elementor-view-default elementor-mobile-position-block-start elementor-widget elementor-widget-icon-box\" data-id=\"4ae12f4\" data-element_type=\"widget\" data-e-type=\"widget\" data-widget_type=\"icon-box.default\">\n\t\t\t\t<div class=\"elementor-widget-container\">\n\t\t\t\t\t\t\t<div class=\"elementor-icon-box-wrapper\">\n\n\t\t\t\t\t\t<div class=\"elementor-icon-box-icon\">\n\t\t\t\t<a href=\"https:\/\/colegiocim.clickedu.eu\" target=\"_blank\" class=\"elementor-icon\" tabindex=\"-1\" aria-label=\"Accedeix a ClickEdu\">\n\t\t\t\t<svg xmlns=\"http:\/\/www.w3.org\/2000\/svg\" xmlns:xlink=\"http:\/\/www.w3.org\/1999\/xlink\" id=\"Capa_1\" x=\"0px\" y=\"0px\" width=\"118px\" height=\"22px\" viewBox=\"0 0 850.394 157.348\" xml:space=\"preserve\">          <g>          \t<g>          \t\t<polygon fill-rule=\"evenodd\" clip-rule=\"evenodd\" fill=\"#AC0D3C\" points=\"812.774,94.142 785.3,120.768 785.3,67.516   \"><\/polygon>          \t\t<polygon fill-rule=\"evenodd\" clip-rule=\"evenodd\" fill=\"#AC0D3C\" points=\"850.394,94.142 822.918,120.768 822.918,67.516   \"><\/polygon>          \t\t<g>          \t\t\t<polygon fill-rule=\"evenodd\" clip-rule=\"evenodd\" fill=\"#1A171B\" points=\"0,157.348 0,28.463 54.129,28.463 54.129,38.433               12.474,38.433 12.474,147.445 54.129,147.445 54.129,157.348    \"><\/polygon>          \t\t\t<path fill-rule=\"evenodd\" clip-rule=\"evenodd\" fill=\"#1A171B\" d=\"M132.07,131.534c-8.364,2.684-16.321,4.025-23.88,4.025               c-7.511,0-14.197-1.641-20.051-4.922c-5.816-3.32-10.354-7.795-13.617-13.419c-3.268-5.663-4.898-12.095-4.898-19.296               c0-10.821,3.689-19.807,11.07-26.966c7.421-7.156,16.361-10.733,26.829-10.733c7.734,0,15.919,1.385,24.547,4.154v11.438               c-8.718-3.792-16.523-5.686-23.404-5.688c-4.566,0-8.857,1.084-12.884,3.257c-4.025,2.132-7.132,5.476-9.32,10.033               c-2.192,4.561-3.288,9.249-3.288,14.057c0,6.436,2.099,12.57,6.305,18.406c4.248,5.836,10.889,8.752,19.92,8.752               c2.727,0,5.412-0.168,8.052-0.511c2.637-0.382,7.506-1.725,14.619-4.025V131.534z\"><\/path>          \t\t\t<polygon fill-rule=\"evenodd\" clip-rule=\"evenodd\" fill=\"#1A171B\" points=\"159.218,133.578 159.218,40.414 136.813,40.414               136.813,30.444 171.694,30.444 171.694,123.673 195.1,123.673 195.1,133.578    \"><\/polygon>          \t\t\t<path fill-rule=\"evenodd\" clip-rule=\"evenodd\" fill=\"#1A171B\" d=\"M230.16,133.578v-61.47h-20.797v-9.904h33.271v61.47h20.862               v9.904H230.16z M228.081,36.452c0-2.685,0.962-4.686,2.884-6.008c1.924-1.32,3.732-1.979,5.432-1.981               c1.743,0,3.575,0.661,5.5,1.981c1.922,1.322,2.884,3.323,2.884,6.008c0,2.642-0.962,4.623-2.884,5.943               c-1.924,1.322-3.756,1.981-5.5,1.981c-1.7,0-3.508-0.659-5.432-1.981C229.043,41.075,228.081,39.094,228.081,36.452z\"><\/path>          \t\t\t<path fill-rule=\"evenodd\" clip-rule=\"evenodd\" fill=\"#1A171B\" d=\"M342.289,131.534c-8.364,2.684-16.323,4.025-23.879,4.025               c-7.511,0-14.2-1.641-20.053-4.922c-5.816-3.32-10.354-7.795-13.617-13.419c-3.268-5.663-4.897-12.095-4.897-19.296               c0-10.821,3.691-19.807,11.069-26.966c7.421-7.156,16.364-10.733,26.829-10.733c7.736,0,15.919,1.385,24.549,4.154v11.438               c-8.719-3.792-16.525-5.686-23.411-5.688c-4.562,0-8.853,1.084-12.878,3.257c-4.027,2.132-7.133,5.476-9.321,10.033               c-2.193,4.561-3.286,9.249-3.286,14.057c0,6.436,2.097,12.57,6.303,18.406c4.247,5.836,10.888,8.752,19.92,8.752               c2.729,0,5.415-0.168,8.052-0.511c2.638-0.382,7.507-1.725,14.621-4.025V131.534z\"><\/path>          \t\t\t<polygon fill-rule=\"evenodd\" clip-rule=\"evenodd\" fill=\"#1A171B\" points=\"352.664,133.578 352.664,30.444 365.141,30.444               365.141,95.239 401.159,62.204 417.791,62.204 381.843,95.239 418.733,133.578 401.56,133.578 365.141,95.239 365.141,133.578                  \"><\/polygon>          \t\t<\/g>          \t\t<g>          \t\t\t<path fill-rule=\"evenodd\" clip-rule=\"evenodd\" fill=\"#AC0D3C\" d=\"M500.727,82.56c0-0.964-0.501-1.898-1.51-2.792               c-0.999-0.9-2.252-1.622-3.756-2.174c-1.51-0.554-3.086-1.001-4.734-1.348c-1.649-0.342-3.041-0.515-4.188-0.515               c-4.586,0-8.71,1.172-12.366,3.518c-3.646,2.348-6.34,5.449-8.059,9.313c3.154,1.517,6.131,2.551,8.923,3.103               s6.056,0.827,9.778,0.827c1.724,0,3.517-0.205,5.38-0.62c1.858-0.415,3.582-1.034,5.157-1.863               c1.575-0.826,2.866-1.86,3.865-3.102C500.226,85.665,500.727,84.213,500.727,82.56z M542.429,97.043               c0,0.689-0.033,1.312-0.108,1.863c-0.069,0.55-0.393,1.173-0.965,1.861c-5.305,11.174-12.645,20.002-22.033,26.485               c-9.39,6.481-20.529,9.724-33.43,9.724c-5.59,0-10.856-1.067-15.8-3.205c-4.947-2.139-9.246-5.035-12.897-8.691               c-3.656-3.654-6.558-7.862-8.708-12.622c-2.151-4.758-3.226-9.829-3.226-15.208c0-5.655,1.039-10.896,3.12-15.728               c2.073-4.827,4.944-9.033,8.596-12.62c3.656-3.586,8.028-6.416,13.115-8.484s10.571-3.104,16.445-3.104               c3.441,0,7.128,0.552,11.069,1.656c3.939,1.104,7.596,2.757,10.964,4.967c3.368,2.206,6.16,4.863,8.386,7.965               c2.221,3.104,3.334,6.656,3.334,10.657c0,4.69-1.043,8.794-3.119,12.311c-2.078,3.517-4.8,6.483-8.168,8.898               c-3.369,2.413-7.165,4.241-11.396,5.481c-4.229,1.245-8.491,1.863-12.793,1.863c-2.862,0-5.659-0.172-8.382-0.517               c-2.724-0.345-5.306-0.861-7.736-1.553c2.007,2.897,4.442,5.207,7.304,6.933c2.867,1.726,6.166,2.588,9.893,2.588               c6.88,0,13.15-1.347,18.81-4.036c5.662-2.69,10.354-6.932,14.083-12.726c0.14-0.277,0.319-0.622,0.537-1.035               c0.214-0.413,0.468-0.965,0.751-1.655c0.57-1.104,1.252-2.31,2.046-3.623c0.785-1.31,1.68-2.515,2.683-3.619               c1.004-1.104,2.113-2.033,3.329-2.795c1.223-0.757,2.623-1.137,4.198-1.137c2.435,0,4.725,0.864,6.876,2.585               C541.355,92.249,542.429,94.423,542.429,97.043z\"><\/path>          \t\t\t<path fill-rule=\"evenodd\" clip-rule=\"evenodd\" fill=\"#AC0D3C\" d=\"M592.134,96.423c0-2.896-0.531-5.621-1.609-8.173               c-1.074-2.553-2.578-4.796-4.516-6.728c-1.934-1.93-4.224-3.449-6.877-4.55c-2.652-1.104-5.484-1.656-8.494-1.656               c-3.006,0-5.799,0.552-8.382,1.656c-2.579,1.102-4.805,2.621-6.663,4.55c-1.867,1.932-3.333,4.175-4.411,6.728               c-1.073,2.552-1.61,5.276-1.61,8.173c0,2.897,0.537,5.654,1.61,8.277c1.078,2.62,2.544,4.93,4.411,6.931               c1.858,2,4.084,3.619,6.663,4.863c2.583,1.24,5.376,1.863,8.382,1.863c3.01,0,5.842-0.623,8.494-1.863               c2.653-1.244,4.943-2.863,6.877-4.863c1.938-2.001,3.441-4.311,4.516-6.931C591.603,102.078,592.134,99.321,592.134,96.423z                M652.114,96.216c0,0.69-0.039,1.344-0.109,1.964c-0.068,0.621-0.322,1.346-0.754,2.175c-1.859,3.586-4.546,8.069-8.06,13.45               c-3.507,5.379-7.343,10.069-11.501,14.068c-2.861,2.76-5.585,4.967-8.168,6.621c-2.582,1.658-5.947,2.482-10.1,2.482               c-4.019,0-7.418-0.862-10.215-2.585c-2.792-1.724-4.982-3.967-6.558-6.724c-7.025,6.206-15.69,9.309-26.013,9.309               c-5.729,0-11.07-1.103-16.018-3.309c-4.939-2.207-9.236-5.173-12.893-8.897c-3.656-3.724-6.523-8.034-8.604-12.933               c-2.073-4.897-3.116-10.035-3.116-15.415s1.043-10.484,3.116-15.313c2.081-4.828,4.948-9.07,8.604-12.727               c3.656-3.655,7.953-6.517,12.893-8.587c4.947-2.068,10.288-3.104,16.018-3.104c3.729,0,7.451,0.519,11.178,1.553               c3.726,1.034,7.169,2.45,10.318,4.241c0-9.104,0.04-17.968,0.109-26.587c0.075-8.622,0.109-17.485,0.109-26.589               c0-2.622,0.929-4.827,2.797-6.621c1.858-1.795,4.154-2.69,6.877-2.69c2.582,0,4.873,0.895,6.876,2.69               c2.007,1.794,3.011,3.999,3.011,6.621l-0.428,97.25c0,0.829,0,1.932,0,3.31c0,1.243,0.069,2.52,0.218,3.829               c0.14,1.313,0.353,2.415,0.642,3.312c0.283,0.896,0.646,1.347,1.078,1.347c1.143,0,2.071-0.313,2.792-0.935               c0.715-0.62,1.649-1.481,2.793-2.585c0-0.137,0.073-0.275,0.213-0.415c2.583-3.034,5.127-6.516,7.636-10.449               c2.505-3.93,4.406-7.067,5.698-9.414c-0.147,0.139-0.218,0.208-0.218,0.208c0-0.14,0.07-0.274,0.218-0.415               c0.999-1.656,2.111-3.276,3.329-4.862c1.218-1.587,3.403-2.38,6.553-2.38c2.724,0,5.019,0.861,6.887,2.587               C651.182,91.42,652.114,93.594,652.114,96.216z\"><\/path>          \t\t\t<path fill-rule=\"evenodd\" clip-rule=\"evenodd\" fill=\"#AC0D3C\" d=\"M754.404,97.043c0,0.966-0.219,1.863-0.642,2.689v0.622               c-1.579,3.034-3.621,6.655-6.131,10.862c-2.509,4.208-5.41,8.209-8.704,12c-3.298,3.795-6.88,7.036-10.751,9.726               c-3.869,2.69-7.953,4.034-12.251,4.034c-7.456,0-12.832-2.344-16.127-7.033c-2.718,2.205-5.693,3.931-8.918,5.175               c-3.229,1.239-6.632,1.858-10.214,1.858c-4.586,0-9.063-0.688-13.435-2.065c-4.371-1.382-8.28-3.382-11.719-6.004               c-3.438-2.62-6.23-5.792-8.381-9.517c-2.151-3.725-3.296-8.002-3.438-12.83h-1.073c-2.728,0-5.019-0.894-6.886-2.689               c-1.859-1.794-2.792-3.999-2.792-6.621c0-1.242,0.54-3.207,1.609-5.896c1.083-2.69,2.19-5.415,3.334-8.173               c0.288-0.828,0.61-1.69,0.968-2.587c0.358-0.896,0.681-1.688,0.969-2.38c0.428-0.827,0.785-1.656,1.078-2.483               c0.14-0.274,0.284-0.656,0.424-1.138c0.147-0.485,0.361-1.481,0.646-3V71.8c0.575-2.07,1.112-4.139,1.613-6.208               c0.503-2.068,1.541-3.864,3.116-5.378c1.863-1.795,4.158-2.69,6.88-2.69c2.867,0,5.192,1.034,6.99,3.103               c1.789,2.068,2.684,4.275,2.684,6.621v37.66c0,4.413,1.788,7.793,5.375,10.136c3.586,2.35,7.597,3.521,12.038,3.521               c2.296,0,4.337-0.657,6.126-1.967c1.793-1.313,3.264-2.967,4.406-4.967c1.147-2.001,2.008-4.209,2.583-6.621               c0.572-2.414,0.855-4.723,0.855-6.934V67.248c0-2.623,0.935-4.828,2.796-6.621c1.868-1.795,4.159-2.69,6.882-2.69               c2.578,0,4.874,0.895,6.876,2.69c2.007,1.793,3.016,3.999,3.016,6.621v46.35c0,1.104,0.1,2.208,0.317,3.312               c0.215,1.104,0.686,1.656,1.401,1.656c1.287,0,2.683-0.727,4.188-2.174c1.505-1.451,3.011-3.206,4.516-5.277               c1.506-2.069,2.941-4.173,4.298-6.311c1.361-2.139,2.404-3.829,3.12-5.07c0.288-0.552,0.61-1.068,0.964-1.553               c0.362-0.48,0.68-1.067,0.973-1.757c0.284-0.415,0.502-0.861,0.642-1.347c0.144-0.481,0.362-0.93,0.646-1.343               c0.283-0.552,0.572-1.037,0.86-1.448c2.15-2.898,4.869-4.347,8.168-4.347c2.438,0,4.729,0.864,6.88,2.585               C753.331,92.249,754.404,94.423,754.404,97.043z\"><\/path>          \t\t<\/g>          \t<\/g>          <\/g>          <\/svg>\t\t\t\t<\/a>\n\t\t\t<\/div>\n\t\t\t\n\t\t\t\t\t\t<div class=\"elementor-icon-box-content\">\n\n\t\t\t\t\t\t\t\t\t<h6 class=\"elementor-icon-box-title\">\n\t\t\t\t\t\t<a href=\"https:\/\/colegiocim.clickedu.eu\" target=\"_blank\" >\n\t\t\t\t\t\t\tAccedeix a ClickEdu\t\t\t\t\t\t<\/a>\n\t\t\t\t\t<\/h6>\n\t\t\t\t\n\t\t\t\t\n\t\t\t<\/div>\n\t\t\t\n\t\t<\/div>\n\t\t\t\t\t\t<\/div>\n\t\t\t\t<\/div>\n\t\t\t\t\t<\/div>\n\t\t<\/div>\n\t\t\t\t<div class=\"elementor-column elementor-col-50 elementor-inner-column elementor-element elementor-element-74e1b00\" data-id=\"74e1b00\" data-element_type=\"column\" data-e-type=\"column\">\n\t\t\t<div class=\"elementor-widget-wrap elementor-element-populated\">\n\t\t\t\t\t\t<div class=\"elementor-element elementor-element-b5827d2 elementor-position-inline-start elementor-view-default elementor-mobile-position-block-start elementor-widget elementor-widget-icon-box\" data-id=\"b5827d2\" data-element_type=\"widget\" data-e-type=\"widget\" data-widget_type=\"icon-box.default\">\n\t\t\t\t<div class=\"elementor-widget-container\">\n\t\t\t\t\t\t\t<div class=\"elementor-icon-box-wrapper\">\n\n\t\t\t\t\t\t<div class=\"elementor-icon-box-icon\">\n\t\t\t\t<a href=\"https:\/\/www.office.com\" target=\"_blank\" class=\"elementor-icon\" tabindex=\"-1\" aria-label=\"Accedeix a Office365 for Education\">\n\t\t\t\t<svg xmlns=\"http:\/\/www.w3.org\/2000\/svg\" width=\"32\" height=\"32\" viewBox=\"0 0 32 32\"><title>uniEDCE<\/title><path d=\"M25.063 19.594q1.234 0 2.313 0.469t1.883 1.281 1.273 1.891 0.469 2.313q0 1.219-0.469 2.305t-1.273 1.891-1.891 1.273-2.305 0.469-2.305-0.469-1.891-1.273-1.273-1.891-0.469-2.305q0-1.234 0.469-2.313t1.273-1.891 1.883-1.281 2.313-0.469zM25.031 22.172q-0.313 0-0.57 0.141t-0.438 0.367-0.281 0.508-0.102 0.578 0.102 0.578 0.281 0.508 0.438 0.359 0.57 0.133 0.563-0.133 0.43-0.359 0.281-0.508 0.102-0.578q0-0.281-0.102-0.57t-0.281-0.516-0.43-0.367-0.563-0.141zM27.859 28.813q0-0.438-0.016-0.992t-0.156-1.039-0.469-0.82-0.953-0.336h-0.078q-0.219 0.234-0.516 0.383t-0.625 0.148q-0.313 0-0.609-0.148t-0.516-0.383q-0.641 0-0.984 0.32t-0.5 0.797-0.172 1.039-0.016 1.031h5.609zM24.656 18.625q-1.375 0.078-2.57 0.648t-2.070 1.508-1.383 2.164-0.508 2.602q0 1.391 0.547 2.703l-2.297 0.703-15.172-5.469 15.219 1.828v-20.172l-10.125 2.375v13.641l-5.297 2.297v-17.359l15.391-5.578 8.266 2.672v15.438z\"><\/path><\/svg>\t\t\t\t<\/a>\n\t\t\t<\/div>\n\t\t\t\n\t\t\t\t\t\t<div class=\"elementor-icon-box-content\">\n\n\t\t\t\t\t\t\t\t\t<h4 class=\"elementor-icon-box-title\">\n\t\t\t\t\t\t<a href=\"https:\/\/www.office.com\" target=\"_blank\" >\n\t\t\t\t\t\t\tAccedeix a Office365 for Education\t\t\t\t\t\t<\/a>\n\t\t\t\t\t<\/h4>\n\t\t\t\t\n\t\t\t\t\n\t\t\t<\/div>\n\t\t\t\n\t\t<\/div>\n\t\t\t\t\t\t<\/div>\n\t\t\t\t<\/div>\n\t\t\t\t\t<\/div>\n\t\t<\/div>\n\t\t\t\t\t<\/div>\n\t\t<\/section>\n\t\t\t\t\t<\/div>\n\t\t<\/div>\n\t\t\t\t\t<\/div>\n\t\t<\/section>\n\t\t\t\t<\/div>\n\t\t","protected":false},"excerpt":{"rendered":"<p>Al col\u00b7legi Cor Immaculat de Maria, les comunicacions oficials amb les families es realitzen mitjan\u00e7ant la plataforma CLICKEDU de reconegut prestigi. A m\u00e9s, arrel de la crisi sanit\u00e0ria provocada per la COVID-19, el col\u00b7legi Cor Immaculat de Maria va implementar el curs passat i ho segueix fent de manera progresiva l&#8217;\u00fas de MICROSOFT 365 FOR [&hellip;]<\/p>\n","protected":false},"author":6,"featured_media":0,"parent":0,"menu_order":0,"comment_status":"closed","ping_status":"closed","template":"","meta":{"footnotes":""},"class_list":["post-1757","page","type-page","status-publish","hentry"],"yoast_head":"<!-- This site is optimized with the Yoast SEO plugin v27.5 - https:\/\/yoast.com\/product\/yoast-seo-wordpress\/ -->\n<title>Intranet - Colegio Coraz\u00f3n Inmaculado de Mar\u00eda<\/title>\n<meta name=\"robots\" content=\"index, follow, max-snippet:-1, max-image-preview:large, max-video-preview:-1\" \/>\n<link rel=\"canonical\" href=\"https:\/\/colegiocim.es\/ca\/intranet\/\" \/>\n<meta property=\"og:locale\" content=\"ca_ES\" \/>\n<meta property=\"og:type\" content=\"article\" \/>\n<meta property=\"og:title\" content=\"Intranet - Colegio Coraz\u00f3n Inmaculado de Mar\u00eda\" \/>\n<meta property=\"og:description\" content=\"Al col\u00b7legi Cor Immaculat de Maria, les comunicacions oficials amb les families es realitzen mitjan\u00e7ant la plataforma CLICKEDU de reconegut prestigi. A m\u00e9s, arrel de la crisi sanit\u00e0ria provocada per la COVID-19, el col\u00b7legi Cor Immaculat de Maria va implementar el curs passat i ho segueix fent de manera progresiva l&#8217;\u00fas de MICROSOFT 365 FOR [&hellip;]\" \/>\n<meta property=\"og:url\" content=\"https:\/\/colegiocim.es\/ca\/intranet\/\" \/>\n<meta property=\"og:site_name\" content=\"Colegio Coraz\u00f3n Inmaculado de Mar\u00eda\" \/>\n<meta property=\"article:publisher\" content=\"https:\/\/facebook.com\/colegiocim\" \/>\n<meta property=\"article:modified_time\" content=\"2021-11-17T18:02:09+00:00\" \/>\n<meta name=\"twitter:card\" content=\"summary_large_image\" \/>\n<meta name=\"twitter:site\" content=\"@cimsentmenat\" \/>\n<meta name=\"twitter:label1\" content=\"Temps estimat de lectura\" \/>\n\t<meta name=\"twitter:data1\" content=\"1 minut\" \/>\n<script type=\"application\/ld+json\" class=\"yoast-schema-graph\">{\"@context\":\"https:\\\/\\\/schema.org\",\"@graph\":[{\"@type\":\"WebPage\",\"@id\":\"https:\\\/\\\/colegiocim.es\\\/ca\\\/intranet\\\/\",\"url\":\"https:\\\/\\\/colegiocim.es\\\/ca\\\/intranet\\\/\",\"name\":\"Intranet - Colegio Coraz\u00f3n Inmaculado de Mar\u00eda\",\"isPartOf\":{\"@id\":\"https:\\\/\\\/colegiocim.es\\\/#website\"},\"datePublished\":\"2021-05-12T06:18:06+00:00\",\"dateModified\":\"2021-11-17T18:02:09+00:00\",\"breadcrumb\":{\"@id\":\"https:\\\/\\\/colegiocim.es\\\/ca\\\/intranet\\\/#breadcrumb\"},\"inLanguage\":\"ca\",\"potentialAction\":[{\"@type\":\"ReadAction\",\"target\":[\"https:\\\/\\\/colegiocim.es\\\/ca\\\/intranet\\\/\"]}]},{\"@type\":\"BreadcrumbList\",\"@id\":\"https:\\\/\\\/colegiocim.es\\\/ca\\\/intranet\\\/#breadcrumb\",\"itemListElement\":[{\"@type\":\"ListItem\",\"position\":1,\"name\":\"Portada\",\"item\":\"https:\\\/\\\/colegiocim.es\\\/ca\\\/\"},{\"@type\":\"ListItem\",\"position\":2,\"name\":\"Intranet\"}]},{\"@type\":\"WebSite\",\"@id\":\"https:\\\/\\\/colegiocim.es\\\/#website\",\"url\":\"https:\\\/\\\/colegiocim.es\\\/\",\"name\":\"Colegio Coraz\u00f3n Inmaculado de Mar\u00eda\",\"description\":\"Colegio privado cat\u00f3lico en Sentmenat\",\"publisher\":{\"@id\":\"https:\\\/\\\/colegiocim.es\\\/#organization\"},\"potentialAction\":[{\"@type\":\"SearchAction\",\"target\":{\"@type\":\"EntryPoint\",\"urlTemplate\":\"https:\\\/\\\/colegiocim.es\\\/?s={search_term_string}\"},\"query-input\":{\"@type\":\"PropertyValueSpecification\",\"valueRequired\":true,\"valueName\":\"search_term_string\"}}],\"inLanguage\":\"ca\"},{\"@type\":\"Organization\",\"@id\":\"https:\\\/\\\/colegiocim.es\\\/#organization\",\"name\":\"Colegio Coraz\u00f3n Inmaculado de Mar\u00eda\",\"url\":\"https:\\\/\\\/colegiocim.es\\\/\",\"logo\":{\"@type\":\"ImageObject\",\"inLanguage\":\"ca\",\"@id\":\"https:\\\/\\\/colegiocim.es\\\/#\\\/schema\\\/logo\\\/image\\\/\",\"url\":\"https:\\\/\\\/www.colegiocim.es\\\/wp-content\\\/uploads\\\/2021\\\/03\\\/CCIM-ESP.png\",\"contentUrl\":\"https:\\\/\\\/www.colegiocim.es\\\/wp-content\\\/uploads\\\/2021\\\/03\\\/CCIM-ESP.png\",\"width\":357,\"height\":86,\"caption\":\"Colegio Coraz\u00f3n Inmaculado de Mar\u00eda\"},\"image\":{\"@id\":\"https:\\\/\\\/colegiocim.es\\\/#\\\/schema\\\/logo\\\/image\\\/\"},\"sameAs\":[\"https:\\\/\\\/facebook.com\\\/colegiocim\",\"https:\\\/\\\/x.com\\\/cimsentmenat\"]}]}<\/script>\n<!-- \/ Yoast SEO plugin. -->","yoast_head_json":{"title":"Intranet - Colegio Coraz\u00f3n Inmaculado de Mar\u00eda","robots":{"index":"index","follow":"follow","max-snippet":"max-snippet:-1","max-image-preview":"max-image-preview:large","max-video-preview":"max-video-preview:-1"},"canonical":"https:\/\/colegiocim.es\/ca\/intranet\/","og_locale":"ca_ES","og_type":"article","og_title":"Intranet - Colegio Coraz\u00f3n Inmaculado de Mar\u00eda","og_description":"Al col\u00b7legi Cor Immaculat de Maria, les comunicacions oficials amb les families es realitzen mitjan\u00e7ant la plataforma CLICKEDU de reconegut prestigi. A m\u00e9s, arrel de la crisi sanit\u00e0ria provocada per la COVID-19, el col\u00b7legi Cor Immaculat de Maria va implementar el curs passat i ho segueix fent de manera progresiva l&#8217;\u00fas de MICROSOFT 365 FOR [&hellip;]","og_url":"https:\/\/colegiocim.es\/ca\/intranet\/","og_site_name":"Colegio Coraz\u00f3n Inmaculado de Mar\u00eda","article_publisher":"https:\/\/facebook.com\/colegiocim","article_modified_time":"2021-11-17T18:02:09+00:00","twitter_card":"summary_large_image","twitter_site":"@cimsentmenat","twitter_misc":{"Temps estimat de lectura":"1 minut"},"schema":{"@context":"https:\/\/schema.org","@graph":[{"@type":"WebPage","@id":"https:\/\/colegiocim.es\/ca\/intranet\/","url":"https:\/\/colegiocim.es\/ca\/intranet\/","name":"Intranet - Colegio Coraz\u00f3n Inmaculado de Mar\u00eda","isPartOf":{"@id":"https:\/\/colegiocim.es\/#website"},"datePublished":"2021-05-12T06:18:06+00:00","dateModified":"2021-11-17T18:02:09+00:00","breadcrumb":{"@id":"https:\/\/colegiocim.es\/ca\/intranet\/#breadcrumb"},"inLanguage":"ca","potentialAction":[{"@type":"ReadAction","target":["https:\/\/colegiocim.es\/ca\/intranet\/"]}]},{"@type":"BreadcrumbList","@id":"https:\/\/colegiocim.es\/ca\/intranet\/#breadcrumb","itemListElement":[{"@type":"ListItem","position":1,"name":"Portada","item":"https:\/\/colegiocim.es\/ca\/"},{"@type":"ListItem","position":2,"name":"Intranet"}]},{"@type":"WebSite","@id":"https:\/\/colegiocim.es\/#website","url":"https:\/\/colegiocim.es\/","name":"Colegio Coraz\u00f3n Inmaculado de Mar\u00eda","description":"Colegio privado cat\u00f3lico en Sentmenat","publisher":{"@id":"https:\/\/colegiocim.es\/#organization"},"potentialAction":[{"@type":"SearchAction","target":{"@type":"EntryPoint","urlTemplate":"https:\/\/colegiocim.es\/?s={search_term_string}"},"query-input":{"@type":"PropertyValueSpecification","valueRequired":true,"valueName":"search_term_string"}}],"inLanguage":"ca"},{"@type":"Organization","@id":"https:\/\/colegiocim.es\/#organization","name":"Colegio Coraz\u00f3n Inmaculado de Mar\u00eda","url":"https:\/\/colegiocim.es\/","logo":{"@type":"ImageObject","inLanguage":"ca","@id":"https:\/\/colegiocim.es\/#\/schema\/logo\/image\/","url":"https:\/\/www.colegiocim.es\/wp-content\/uploads\/2021\/03\/CCIM-ESP.png","contentUrl":"https:\/\/www.colegiocim.es\/wp-content\/uploads\/2021\/03\/CCIM-ESP.png","width":357,"height":86,"caption":"Colegio Coraz\u00f3n Inmaculado de Mar\u00eda"},"image":{"@id":"https:\/\/colegiocim.es\/#\/schema\/logo\/image\/"},"sameAs":["https:\/\/facebook.com\/colegiocim","https:\/\/x.com\/cimsentmenat"]}]}},"_links":{"self":[{"href":"https:\/\/colegiocim.es\/ca\/wp-json\/wp\/v2\/pages\/1757","targetHints":{"allow":["GET"]}}],"collection":[{"href":"https:\/\/colegiocim.es\/ca\/wp-json\/wp\/v2\/pages"}],"about":[{"href":"https:\/\/colegiocim.es\/ca\/wp-json\/wp\/v2\/types\/page"}],"author":[{"embeddable":true,"href":"https:\/\/colegiocim.es\/ca\/wp-json\/wp\/v2\/users\/6"}],"replies":[{"embeddable":true,"href":"https:\/\/colegiocim.es\/ca\/wp-json\/wp\/v2\/comments?post=1757"}],"version-history":[{"count":0,"href":"https:\/\/colegiocim.es\/ca\/wp-json\/wp\/v2\/pages\/1757\/revisions"}],"wp:attachment":[{"href":"https:\/\/colegiocim.es\/ca\/wp-json\/wp\/v2\/media?parent=1757"}],"curies":[{"name":"wp","href":"https:\/\/api.w.org\/{rel}","templated":true}]}}